{"id":1485,"date":"2019-03-25T10:28:56","date_gmt":"2019-03-25T09:28:56","guid":{"rendered":"https:\/\/www.ordonnansen.se\/?page_id=1485"},"modified":"2019-03-25T10:31:05","modified_gmt":"2019-03-25T09:31:05","slug":"varfor-och-hur","status":"publish","type":"page","link":"https:\/\/www.ordonnansen.se\/?page_id=1485","title":{"rendered":"Varf\u00f6r och hur?"},"content":{"rendered":"\n    <section class=\"u-clearfix u-white u-section-1\" id=\"sec-d4f1\"><div class=\"u-clearfix u-sheet u-sheet-1\">\n            <p class=\"u-text u-text-1\"><b>Som man \u00e4r kl\u00e4dd blir man h\u00e4dd, var ett synnerligen realistiskt p\u00e5st\u00e5ende f\u00f6rr i v\u00e4rlden. Man kan numera p\u00e5st\u00e5 att detsamma g\u00e4ller \u00e4ven idag - i synnerhet n\u00e4r det g\u00e4ller media. Som man presenterar sig blir man allts\u00e5 uppfattad! D\u00e5 g\u00e4ller det att h\u00e5lla tungan r\u00e4tt i mun s\u00e5 man inte kladdar till det hela... Det \u00e4r h\u00e4r vi kan g\u00f6ra v\u00e5rt b\u00e4sta f\u00f6r att hj\u00e4lpa till!<\/b><br><br>Presentation\n                p\u00e5 n\u00e4tet \u00e4r synnerligen avh\u00e4ngigt av detta. Det finns otaliga exempel p\u00e5 webbsidor som verkligen har lyft en verksamhet - och m\u00e5nga exempel p\u00e5 motsatsen. Det \u00e4r inte s\u00e5 litet man m\u00e5ste ha i \u00e5tanke:<br><\/p>\n        <\/div><\/section>\n    <section class=\"u-clearfix u-white u-section-2\" id=\"sec-66e8\"><div class=\"u-clearfix u-sheet u-sheet-1\">\n            <div class=\"u-clearfix u-expanded-width u-layout-wrap\">\n                <div class=\"u-layout\">\n                    <div class=\"u-layout-row\">\n                        <div class=\"u-container-style u-expand-resize u-layout-cell u-left-cell u-size-34 u-layout-cell-1\">\n                            <div class=\"u-container-layout u-container-layout-1\">\n                                <ul class=\"u-text u-text-1\">\n                                    <li><b>Inneh\u00e5ll. <\/b>\u00c4r inneh\u00e5llet intressant och relevant? Det spelar ingen roll vad det \u00e4r som presenteras om det inte g\u00f6rs p\u00e5 ett smakligt s\u00e4tt!<\/li>\n                                    <li><b>L\u00e4sbarhet.<\/b> Hur l\u00e4tt \u00e4r det att f\u00f6rst\u00e5 texten som presenteras? Drunknar budskapet i utsv\u00e4vande omskrivningar eller teknikaliteter? \u00c4r designen anpassad efter dagens krav? Responsiv design?<\/li>\n                                    <li><b>Navigering. <\/b>Hur l\u00e4tt \u00e4r det att hitta inom det som presenteras? Navigering? Intern s\u00f6kfunktion?<\/li>\n                                    <li><b>S\u00f6kbarhet. <\/b>G\u00e5r det att hitta sidorna via s\u00f6kmaskinerna? Hur h\u00f6gt kommer de i ranking?<\/li>\n                                    <li><b>Grafik.<\/b> Sparsmakad grafik som sticker ut \u2013 hur fixar man det? Bilder och andra illustrationer \u00e4r viktiga f\u00f6r helheten! Hur presenteras de?<\/li>\n                                    <li><b>Funktioner.<\/b> Programmerade funktioner p\u00e5 sidorna \u2013 hur fungerar de? Fallerar det h\u00e4r \u00e4r det inte bra alls.<\/li>\n                                    <li><b>Kontaktbarhet.<\/b> Finns kontaktsida f\u00f6r bes\u00f6karna om de vill ta kontakt? I s\u00e5 fall b\u00f6r det vara p\u00e5 ett enkelt s\u00e4tt, g\u00e4rna via ett webbformul\u00e4r. Nyhetsbrev som g\u00e5r att prenumerera p\u00e5 \u00e4r heller inte fel.<\/li>\n                                    <li><b>Uppdateringar.<\/b> \u00c4r inneh\u00e5llet aktuellt? Gamla uppgifter och webbsidor minskar trov\u00e4rdigheten oerh\u00f6rt. Gl\u00f6m inte uppdatera n\u00e4r det h\u00e4nder n\u00e5got! Och h\u00e4nder det inget f\u00e5r man uppdatera \u00e4nd\u00e5 f\u00f6r att ge intryck av\n                                        att det just h\u00e4nder n\u00e5got!<\/li>\n                                <\/ul>\n                            <\/div>\n                        <\/div>\n                        <div class=\"u-container-style u-expand-resize u-layout-cell u-right-cell u-size-26 u-layout-cell-2\">\n                            <div class=\"u-container-layout\"><span data-picture data-class=\"u-image u-image-1\" data-data-image-width=\"250\" data-data-image-height=\"243\">\n  <span data-src=\"https:\/\/www.ordonnansen.se\/wp-content\/uploads\/2013\/08\/Page-1.gif\"><\/span>\n    <noscript><img decoding=\"async\" class=\"u-image u-image-1\" src=\"https:\/\/www.ordonnansen.se\/wp-content\/uploads\/2013\/08\/Page-1.gif\" data-image-width=\"250\" data-image-height=\"243\" \/><\/noscript>\n<\/span>\n<\/div>\n                        <\/div>\n                    <\/div>\n                <\/div>\n            <\/div>\n        <\/div><\/section>\n    <section class=\"u-clearfix u-white u-section-3\" id=\"sec-c23b\"><div class=\"u-clearfix u-sheet u-sheet-1\">\n            <p class=\"u-text u-text-1\">Det finns fler parametrar att ta h\u00e4nsyn till. Den springande punkten \u00e4r&nbsp;l\u00e4ttfattlig information. Just med tanke p\u00e5 att ingen, enligt flera utredningar, &nbsp;orkar stanna p\u00e5 en sida mer \u00e4n ungef\u00e4r 20 sekunder, \u00e4r just hur informationen\n                presenteras mycket viktig.<br><br>Skrev vi f\u00f6r mycket h\u00e4r nu?<\/p>\n        <\/div><\/section>\n<!-- AddThis Advanced Settings generic via filter on the_content --><!-- AddThis Share Buttons generic via filter on the_content -->","protected":false},"excerpt":{"rendered":"<p>Som man \u00e4r kl\u00e4dd blir man h\u00e4dd, var ett synnerligen realistiskt p\u00e5st\u00e5ende f\u00f6rr i v\u00e4rlden. Man kan numera p\u00e5st\u00e5 att detsamma g\u00e4ller \u00e4ven idag &#8211; i synnerhet n\u00e4r det g\u00e4ller media. Som man presenterar sig blir man allts\u00e5 uppfattad! D\u00e5 g\u00e4ller det att h\u00e5lla tungan r\u00e4tt i mun s\u00e5 man inte kladdar till det hela&#8230; &hellip; <a href=\"https:\/\/www.ordonnansen.se\/?page_id=1485\" class=\"more-link\">Continue reading<span class=\"screen-reader-text\"> &#8220;Varf\u00f6r och hur?&#8221;<\/span><\/a><!-- AddThis Advanced Settings generic via filter on wp_trim_excerpt --><!-- AddThis Share Buttons generic via filter on wp_trim_excerpt --><\/p>\n","protected":false},"author":2,"featured_media":0,"parent":0,"menu_order":0,"comment_status":"closed","ping_status":"closed","template":"","meta":{"_acf_changed":false,"_crdt_document":"","footnotes":""},"class_list":["post-1485","page","type-page","status-publish","hentry"],"acf":[],"_links":{"self":[{"href":"https:\/\/www.ordonnansen.se\/index.php?rest_route=\/wp\/v2\/pages\/1485","targetHints":{"allow":["GET"]}}],"collection":[{"href":"https:\/\/www.ordonnansen.se\/index.php?rest_route=\/wp\/v2\/pages"}],"about":[{"href":"https:\/\/www.ordonnansen.se\/index.php?rest_route=\/wp\/v2\/types\/page"}],"author":[{"embeddable":true,"href":"https:\/\/www.ordonnansen.se\/index.php?rest_route=\/wp\/v2\/users\/2"}],"replies":[{"embeddable":true,"href":"https:\/\/www.ordonnansen.se\/index.php?rest_route=%2Fwp%2Fv2%2Fcomments&post=1485"}],"version-history":[{"count":6,"href":"https:\/\/www.ordonnansen.se\/index.php?rest_route=\/wp\/v2\/pages\/1485\/revisions"}],"predecessor-version":[{"id":1492,"href":"https:\/\/www.ordonnansen.se\/index.php?rest_route=\/wp\/v2\/pages\/1485\/revisions\/1492"}],"wp:attachment":[{"href":"https:\/\/www.ordonnansen.se\/index.php?rest_route=%2Fwp%2Fv2%2Fmedia&parent=1485"}],"curies":[{"name":"wp","href":"https:\/\/api.w.org\/{rel}","templated":true}]}}