{"id":1452,"date":"2019-03-25T09:22:26","date_gmt":"2019-03-25T08:22:26","guid":{"rendered":"https:\/\/www.ordonnansen.se\/?page_id=1452"},"modified":"2024-05-18T17:14:42","modified_gmt":"2024-05-18T15:14:42","slug":"nagra-referenser","status":"publish","type":"page","link":"https:\/\/www.ordonnansen.se\/?page_id=1452","title":{"rendered":"N\u00e5gra referenser"},"content":{"rendered":"\n    <section class=\"u-clearfix u-white u-section-1\" id=\"sec-6825\"><div class=\"u-clearfix u-sheet u-sheet-1\">\n            <p class=\"u-text u-text-1\"><b>H\u00e4r f\u00f6ljer ett litet antal sidor som vi varit inblandade i p\u00e5 n\u00e5got s\u00e4tt - antingen som ensamma kreat\u00f6rer eller som delansvariga.&nbsp;<\/b><br><br>Vi bygger&nbsp;\u00e4ven p\u00e5 ett bra s\u00e4tt unika teman f\u00f6r WordPress, vilket blir mer och mer g\u00e4llande\n                idag. Med WordPress kan kunden sj\u00e4lv p\u00e5 ett ganska enkelt s\u00e4tt sj\u00e4lv uppdatera inneh\u00e5llet p\u00e5 sidorna utan att haverera designen. Det blir kort sagt kostnadseffektivt. Det finns mycket mer som inte visas h\u00e4r, kontakta oss f\u00f6r ytterligare\n                information om intresse finns. Klicka p\u00e5 respektive bild f\u00f6r att se sidan, som \u00f6ppnas i ett nytt f\u00f6nster:&nbsp; &nbsp;<\/p>\n            <div class=\"u-clearfix u-custom-html u-custom-html-1\"><div style=\"clear:both;\"><\/div><div id=\"list-wplf\" class=\"listid-wplf wplf-display\"><div id=\"wplf_list-item-0\" class=\"list-item wplf-item\">\r\n\t\t\t\t<a class=\"wplf_link\" href=\"http:\/\/villamotionera.se\" target=\"_blank\">\r\n\t\t\t\t<div class=\"list-img\"><span data-picture data-class=\"attachment-medium size-medium\" data-style=\"border: 1px solid black; box-shadow: 0 5px 10px 0 rgba(0,0,0,0.2),0 5px 15px 0 rgba(0,0,0,0.19);\" data-width=\"300\" data-height=\"225\">\n  <span data-src=\"https:\/\/www.ordonnansen.se\/wp-content\/uploads\/wp-links-page\/villamotionerase1699480901-300x225.jpg\"><\/span>\n    <noscript><img decoding=\"async\" width=\"300\" height=\"225\" src=\"https:\/\/www.ordonnansen.se\/wp-content\/uploads\/wp-links-page\/villamotionerase1699480901-300x225.jpg\" class=\"attachment-medium size-medium\" alt=\"\" style=\"border: 1px solid black; box-shadow: 0 5px 10px 0 rgba(0,0,0,0.2),0 5px 15px 0 rgba(0,0,0,0.19);\" \/><\/noscript>\n<\/span>\n<\/div>\r\n\t\t\t\t<p class=\"wplf_display\" style=\"font-weight: bold; text-align: left\" >villamotionera.se<\/p>\r\n\t\t\t\t<\/a><p class=\"wplf_desc\" style=\"text-align: left\">Villa Motionera arbetar med friskv\u00e5rd f\u00f6r fritid och f\u00f6retag.<!-- AddThis Advanced Settings generic via filter on the_content --><!-- AddThis Share Buttons generic via filter on the_content --><\/p>\r\n\t\t\t\t<\/div>\r\n\t\t\t\t<hr><div id=\"wplf_list-item-1\" class=\"list-item wplf-item\">\r\n\t\t\t\t<a class=\"wplf_link\" href=\"https:\/\/www.backebolsakeri.se\" target=\"_blank\">\r\n\t\t\t\t<div class=\"list-img\"><span data-picture data-class=\"attachment-medium size-medium\" data-style=\"border: 1px solid black; box-shadow: 0 5px 10px 0 rgba(0,0,0,0.2),0 5px 15px 0 rgba(0,0,0,0.19);\" data-width=\"300\" data-height=\"225\">\n  <span data-src=\"https:\/\/www.ordonnansen.se\/wp-content\/uploads\/wp-links-page\/backebolsakerise1727992321-300x225.jpg\"><\/span>\n    <noscript><img decoding=\"async\" width=\"300\" height=\"225\" src=\"https:\/\/www.ordonnansen.se\/wp-content\/uploads\/wp-links-page\/backebolsakerise1727992321-300x225.jpg\" class=\"attachment-medium size-medium\" alt=\"\" style=\"border: 1px solid black; box-shadow: 0 5px 10px 0 rgba(0,0,0,0.2),0 5px 15px 0 rgba(0,0,0,0.19);\" \/><\/noscript>\n<\/span>\n<\/div>\r\n\t\t\t\t<p class=\"wplf_display\" style=\"font-weight: bold; text-align: left\" >backebolsakeri.se<\/p>\r\n\t\t\t\t<\/a><p class=\"wplf_desc\" style=\"text-align: left\">B\u00e4ckebols \u00c5keri<!-- AddThis Advanced Settings generic via filter on the_content --><!-- AddThis Share Buttons generic via filter on the_content --><\/p>\r\n\t\t\t\t<\/div>\r\n\t\t\t\t<hr><div id=\"wplf_list-item-2\" class=\"list-item wplf-item\">\r\n\t\t\t\t<a class=\"wplf_link\" href=\"https:\/\/hasthagevagen.se\/\" target=\"_blank\">\r\n\t\t\t\t<div class=\"list-img\"><span data-picture data-class=\"attachment-medium size-medium\" data-style=\"border: 1px solid black; box-shadow: 0 5px 10px 0 rgba(0,0,0,0.2),0 5px 15px 0 rgba(0,0,0,0.19);\" data-width=\"300\" data-height=\"225\">\n  <span data-src=\"https:\/\/www.ordonnansen.se\/wp-content\/uploads\/wp-links-page\/hasthagevagense1695855013-300x225.jpg\"><\/span>\n    <noscript><img decoding=\"async\" width=\"300\" height=\"225\" src=\"https:\/\/www.ordonnansen.se\/wp-content\/uploads\/wp-links-page\/hasthagevagense1695855013-300x225.jpg\" class=\"attachment-medium size-medium\" alt=\"\" style=\"border: 1px solid black; box-shadow: 0 5px 10px 0 rgba(0,0,0,0.2),0 5px 15px 0 rgba(0,0,0,0.19);\" \/><\/noscript>\n<\/span>\n<\/div>\r\n\t\t\t\t<p class=\"wplf_display\" style=\"font-weight: bold; text-align: left\" >hasthagevagen.se<\/p>\r\n\t\t\t\t<\/a><p class=\"wplf_desc\" style=\"text-align: left\">En hemsida f\u00f6r en v\u00e4gsamf\u00e4llighet i Bohusl\u00e4n&#8230;<!-- AddThis Advanced Settings generic via filter on the_content --><!-- AddThis Share Buttons generic via filter on the_content --><\/p>\r\n\t\t\t\t<\/div>\r\n\t\t\t\t<hr><div id=\"wplf_list-item-3\" class=\"list-item wplf-item\">\r\n\t\t\t\t<a class=\"wplf_link\" href=\"https:\/\/paulwiden.se\/\" target=\"_blank\">\r\n\t\t\t\t<div class=\"list-img\"><span data-picture data-class=\"attachment-medium size-medium\" data-style=\"border: 1px solid black; box-shadow: 0 5px 10px 0 rgba(0,0,0,0.2),0 5px 15px 0 rgba(0,0,0,0.19);\" data-width=\"300\" data-height=\"225\">\n  <span data-src=\"https:\/\/www.ordonnansen.se\/wp-content\/uploads\/wp-links-page\/paulwidense1694038013-300x225.jpg\"><\/span>\n    <noscript><img decoding=\"async\" width=\"300\" height=\"225\" src=\"https:\/\/www.ordonnansen.se\/wp-content\/uploads\/wp-links-page\/paulwidense1694038013-300x225.jpg\" class=\"attachment-medium size-medium\" alt=\"\" style=\"border: 1px solid black; box-shadow: 0 5px 10px 0 rgba(0,0,0,0.2),0 5px 15px 0 rgba(0,0,0,0.19);\" \/><\/noscript>\n<\/span>\n<\/div>\r\n\t\t\t\t<p class=\"wplf_display\" style=\"font-weight: bold; text-align: left\" >paulwiden.se<\/p>\r\n\t\t\t\t<\/a><p class=\"wplf_desc\" style=\"text-align: left\">Nyheter och analyser fr\u00e5n Israel.<!-- AddThis Advanced Settings generic via filter on the_content --><!-- AddThis Share Buttons generic via filter on the_content --><\/p>\r\n\t\t\t\t<\/div>\r\n\t\t\t\t<hr><div id=\"wplf_list-item-4\" class=\"list-item wplf-item\">\r\n\t\t\t\t<a class=\"wplf_link\" href=\"https:\/\/www.stenshultsfiber.se\" target=\"_blank\">\r\n\t\t\t\t<div class=\"list-img\"><span data-picture data-class=\"attachment-medium size-medium\" data-style=\"border: 1px solid black; box-shadow: 0 5px 10px 0 rgba(0,0,0,0.2),0 5px 15px 0 rgba(0,0,0,0.19);\" data-width=\"300\" data-height=\"225\">\n  <span data-src=\"https:\/\/www.ordonnansen.se\/wp-content\/uploads\/wp-links-page\/stenshultsfiberse1727991931-300x225.jpg\"><\/span>\n    <noscript><img decoding=\"async\" width=\"300\" height=\"225\" src=\"https:\/\/www.ordonnansen.se\/wp-content\/uploads\/wp-links-page\/stenshultsfiberse1727991931-300x225.jpg\" class=\"attachment-medium size-medium\" alt=\"\" style=\"border: 1px solid black; box-shadow: 0 5px 10px 0 rgba(0,0,0,0.2),0 5px 15px 0 rgba(0,0,0,0.19);\" \/><\/noscript>\n<\/span>\n<\/div>\r\n\t\t\t\t<p class=\"wplf_display\" style=\"font-weight: bold; text-align: left\" >stenshultsfiber.se<\/p>\r\n\t\t\t\t<\/a><p class=\"wplf_desc\" style=\"text-align: left\">Stenshultsfibern\u00e4t ekonomisk f\u00f6rening<!-- AddThis Advanced Settings generic via filter on the_content --><!-- AddThis Share Buttons generic via filter on the_content --><\/p>\r\n\t\t\t\t<\/div>\r\n\t\t\t\t<hr><div id=\"wplf_list-item-5\" class=\"list-item wplf-item\">\r\n\t\t\t\t<a class=\"wplf_link\" href=\"https:\/\/bastkustensauktion.nu\/\" target=\"_blank\">\r\n\t\t\t\t<div class=\"list-img\"><span data-picture data-class=\"attachment-medium size-medium\" data-style=\"border: 1px solid black; box-shadow: 0 5px 10px 0 rgba(0,0,0,0.2),0 5px 15px 0 rgba(0,0,0,0.19);\" data-width=\"300\" data-height=\"225\">\n  <span data-src=\"https:\/\/www.ordonnansen.se\/wp-content\/uploads\/wp-links-page\/bastkustensauktionnu1700084155-300x225.jpg\"><\/span>\n    <noscript><img decoding=\"async\" width=\"300\" height=\"225\" src=\"https:\/\/www.ordonnansen.se\/wp-content\/uploads\/wp-links-page\/bastkustensauktionnu1700084155-300x225.jpg\" class=\"attachment-medium size-medium\" alt=\"\" style=\"border: 1px solid black; box-shadow: 0 5px 10px 0 rgba(0,0,0,0.2),0 5px 15px 0 rgba(0,0,0,0.19);\" \/><\/noscript>\n<\/span>\n<\/div>\r\n\t\t\t\t<p class=\"wplf_display\" style=\"font-weight: bold; text-align: left\" >bastkustensauktion.nu<\/p>\r\n\t\t\t\t<\/a><p class=\"wplf_desc\" style=\"text-align: left\">K\u00f6per och s\u00e4ljer d\u00f6dsbon, antikviteter, bohag, hela eller delar av hem m.m. Anordnar auktioner.<!-- AddThis Advanced Settings generic via filter on the_content --><!-- AddThis Share Buttons generic via filter on the_content --><\/p>\r\n\t\t\t\t<\/div>\r\n\t\t\t\t<hr><div id=\"wplf_list-item-6\" class=\"list-item wplf-item\">\r\n\t\t\t\t<a class=\"wplf_link\" href=\"https:\/\/rentvattenikenya.se\" target=\"_blank\">\r\n\t\t\t\t<div class=\"list-img\"><span data-picture data-class=\"attachment-medium size-medium\" data-style=\"border: 1px solid black; box-shadow: 0 5px 10px 0 rgba(0,0,0,0.2),0 5px 15px 0 rgba(0,0,0,0.19);\" data-width=\"300\" data-height=\"225\">\n  <span data-src=\"https:\/\/www.ordonnansen.se\/wp-content\/uploads\/wp-links-page\/rentvattenikenyase1727991980-300x225.jpg\"><\/span>\n    <noscript><img decoding=\"async\" width=\"300\" height=\"225\" src=\"https:\/\/www.ordonnansen.se\/wp-content\/uploads\/wp-links-page\/rentvattenikenyase1727991980-300x225.jpg\" class=\"attachment-medium size-medium\" alt=\"\" style=\"border: 1px solid black; box-shadow: 0 5px 10px 0 rgba(0,0,0,0.2),0 5px 15px 0 rgba(0,0,0,0.19);\" \/><\/noscript>\n<\/span>\n<\/div>\r\n\t\t\t\t<p class=\"wplf_display\" style=\"font-weight: bold; text-align: left\" >rentvattenikenya.se<\/p>\r\n\t\t\t\t<\/a><p class=\"wplf_desc\" style=\"text-align: left\">Projekt &#8220;Rent vatten i Kenya&#8221;, eller &#8220;Protected Springs in Kenya&#8221;. Ett samarbetsprojekt mellan sex Rotaryklubbar i Rotarydistrikt 2360.<!-- AddThis Advanced Settings generic via filter on the_content --><!-- AddThis Share Buttons generic via filter on the_content --><\/p>\r\n\t\t\t\t<\/div>\r\n\t\t\t\t<hr><div id=\"wplf_list-item-7\" class=\"list-item wplf-item\">\r\n\t\t\t\t<a class=\"wplf_link\" href=\"https:\/\/www.vgak.se\" target=\"_blank\">\r\n\t\t\t\t<div class=\"list-img\"><span data-picture data-class=\"attachment-medium size-medium\" data-style=\"border: 1px solid black; box-shadow: 0 5px 10px 0 rgba(0,0,0,0.2),0 5px 15px 0 rgba(0,0,0,0.19);\" data-width=\"300\" data-height=\"225\">\n  <span data-src=\"https:\/\/www.ordonnansen.se\/wp-content\/uploads\/wp-links-page\/vgakse1727991881-300x225.jpg\"><\/span>\n    <noscript><img decoding=\"async\" width=\"300\" height=\"225\" src=\"https:\/\/www.ordonnansen.se\/wp-content\/uploads\/wp-links-page\/vgakse1727991881-300x225.jpg\" class=\"attachment-medium size-medium\" alt=\"\" style=\"border: 1px solid black; box-shadow: 0 5px 10px 0 rgba(0,0,0,0.2),0 5px 15px 0 rgba(0,0,0,0.19);\" \/><\/noscript>\n<\/span>\n<\/div>\r\n\t\t\t\t<p class=\"wplf_display\" style=\"font-weight: bold; text-align: left\" >vgak.se<\/p>\r\n\t\t\t\t<\/a><p class=\"wplf_desc\" style=\"text-align: left\">V\u00e4stra Gastronomiska Akademin<!-- AddThis Advanced Settings generic via filter on the_content --><!-- AddThis Share Buttons generic via filter on the_content --><\/p>\r\n\t\t\t\t<\/div>\r\n\t\t\t\t<hr><div id=\"wplf_list-item-8\" class=\"list-item wplf-item\">\r\n\t\t\t\t<a class=\"wplf_link\" href=\"https:\/\/uddevallarotary.se\" target=\"_blank\">\r\n\t\t\t\t<div class=\"list-img\"><span data-picture data-class=\"attachment-medium size-medium\" data-style=\"border: 1px solid black; box-shadow: 0 5px 10px 0 rgba(0,0,0,0.2),0 5px 15px 0 rgba(0,0,0,0.19);\" data-width=\"300\" data-height=\"225\">\n  <span data-src=\"https:\/\/www.ordonnansen.se\/wp-content\/uploads\/wp-links-page\/uddevallarotaryse1727992262-300x225.jpg\"><\/span>\n    <noscript><img decoding=\"async\" width=\"300\" height=\"225\" src=\"https:\/\/www.ordonnansen.se\/wp-content\/uploads\/wp-links-page\/uddevallarotaryse1727992262-300x225.jpg\" class=\"attachment-medium size-medium\" alt=\"\" style=\"border: 1px solid black; box-shadow: 0 5px 10px 0 rgba(0,0,0,0.2),0 5px 15px 0 rgba(0,0,0,0.19);\" \/><\/noscript>\n<\/span>\n<\/div>\r\n\t\t\t\t<p class=\"wplf_display\" style=\"font-weight: bold; text-align: left\" >uddevallarotary.se<\/p>\r\n\t\t\t\t<\/a><p class=\"wplf_desc\" style=\"text-align: left\">Portal f\u00f6r Rotaryklubbarna i Uddevalla kommun.<!-- AddThis Advanced Settings generic via filter on the_content --><!-- AddThis Share Buttons generic via filter on the_content --><\/p>\r\n\t\t\t\t<\/div>\r\n\t\t\t\t<hr><div id=\"wplf_list-item-9\" class=\"list-item wplf-item\">\r\n\t\t\t\t<a class=\"wplf_link\" href=\"https:\/\/lotsakuten.se\/\" target=\"_blank\">\r\n\t\t\t\t<div class=\"list-img\"><span data-picture data-class=\"attachment-medium size-medium\" data-style=\"border: 1px solid black; box-shadow: 0 5px 10px 0 rgba(0,0,0,0.2),0 5px 15px 0 rgba(0,0,0,0.19);\" data-width=\"300\" data-height=\"225\">\n  <span data-src=\"https:\/\/www.ordonnansen.se\/wp-content\/uploads\/wp-links-page\/lotsakutense1727992261-300x225.jpg\"><\/span>\n    <noscript><img decoding=\"async\" width=\"300\" height=\"225\" src=\"https:\/\/www.ordonnansen.se\/wp-content\/uploads\/wp-links-page\/lotsakutense1727992261-300x225.jpg\" class=\"attachment-medium size-medium\" alt=\"\" style=\"border: 1px solid black; box-shadow: 0 5px 10px 0 rgba(0,0,0,0.2),0 5px 15px 0 rgba(0,0,0,0.19);\" \/><\/noscript>\n<\/span>\n<\/div>\r\n\t\t\t\t<p class=\"wplf_display\" style=\"font-weight: bold; text-align: left\" >lotsakuten.se<\/p>\r\n\t\t\t\t<\/a><p class=\"wplf_desc\" style=\"text-align: left\">LotsAkuten AB &#8211; ett bemanningsf\u00f6retag som f\u00f6rmedlar lastbilschauff\u00f6rer och terminalarbetare.<!-- AddThis Advanced Settings generic via filter on the_content --><!-- AddThis Share Buttons generic via filter on the_content --><\/p>\r\n\t\t\t\t<\/div>\r\n\t\t\t\t<hr><div id=\"wplf_list-item-10\" class=\"list-item wplf-item\">\r\n\t\t\t\t<a class=\"wplf_link\" href=\"https:\/\/noresbilverkstad.se\" target=\"_blank\">\r\n\t\t\t\t<div class=\"list-img\"><span data-picture data-class=\"attachment-medium size-medium\" data-style=\"border: 1px solid black; box-shadow: 0 5px 10px 0 rgba(0,0,0,0.2),0 5px 15px 0 rgba(0,0,0,0.19);\" data-width=\"300\" data-height=\"225\">\n  <span data-src=\"https:\/\/www.ordonnansen.se\/wp-content\/uploads\/wp-links-page\/noresbilverkstadse1695854964-300x225.jpg\"><\/span>\n    <noscript><img decoding=\"async\" width=\"300\" height=\"225\" src=\"https:\/\/www.ordonnansen.se\/wp-content\/uploads\/wp-links-page\/noresbilverkstadse1695854964-300x225.jpg\" class=\"attachment-medium size-medium\" alt=\"\" style=\"border: 1px solid black; box-shadow: 0 5px 10px 0 rgba(0,0,0,0.2),0 5px 15px 0 rgba(0,0,0,0.19);\" \/><\/noscript>\n<\/span>\n<\/div>\r\n\t\t\t\t<p class=\"wplf_display\" style=\"font-weight: bold; text-align: left\" >noresbilverkstad.se<\/p>\r\n\t\t\t\t<\/a><p class=\"wplf_desc\" style=\"text-align: left\">Nores Bilverkstad Eftr. AB i Uddevalla.<!-- AddThis Advanced Settings generic via filter on the_content --><!-- AddThis Share Buttons generic via filter on the_content --><\/p>\r\n\t\t\t\t<\/div>\r\n\t\t\t\t<hr><div id=\"wplf_list-item-11\" class=\"list-item wplf-item\">\r\n\t\t\t\t<a class=\"wplf_link\" href=\"https:\/\/naturglimtar.se\/\" target=\"_blank\">\r\n\t\t\t\t<div class=\"list-img\"><span data-picture data-class=\"attachment-medium size-medium\" data-style=\"border: 1px solid black; box-shadow: 0 5px 10px 0 rgba(0,0,0,0.2),0 5px 15px 0 rgba(0,0,0,0.19);\" data-width=\"300\" data-height=\"225\">\n  <span data-src=\"https:\/\/www.ordonnansen.se\/wp-content\/uploads\/wp-links-page\/naturglimtarse1727992321-300x225.jpg\"><\/span>\n    <noscript><img decoding=\"async\" width=\"300\" height=\"225\" src=\"https:\/\/www.ordonnansen.se\/wp-content\/uploads\/wp-links-page\/naturglimtarse1727992321-300x225.jpg\" class=\"attachment-medium size-medium\" alt=\"\" style=\"border: 1px solid black; box-shadow: 0 5px 10px 0 rgba(0,0,0,0.2),0 5px 15px 0 rgba(0,0,0,0.19);\" \/><\/noscript>\n<\/span>\n<\/div>\r\n\t\t\t\t<p class=\"wplf_display\" style=\"font-weight: bold; text-align: left\" >naturglimtar.se<\/p>\r\n\t\t\t\t<\/a><p class=\"wplf_desc\" style=\"text-align: left\">Bilder fr\u00e5n den fantastiska naturen!<!-- AddThis Advanced Settings generic via filter on the_content --><!-- AddThis Share Buttons generic via filter on the_content --><\/p>\r\n\t\t\t\t<\/div>\r\n\t\t\t\t<hr><div id=\"wplf_list-item-12\" class=\"list-item wplf-item\">\r\n\t\t\t\t<a class=\"wplf_link\" href=\"http:\/\/tgm.se\" target=\"_blank\">\r\n\t\t\t\t<div class=\"list-img\"><span data-picture data-class=\"attachment-medium size-medium\" data-style=\"border: 1px solid black; box-shadow: 0 5px 10px 0 rgba(0,0,0,0.2),0 5px 15px 0 rgba(0,0,0,0.19);\" data-width=\"300\" data-height=\"225\">\n  <span data-src=\"https:\/\/www.ordonnansen.se\/wp-content\/uploads\/wp-links-page\/tgmse1727991880-300x225.jpg\"><\/span>\n    <noscript><img decoding=\"async\" width=\"300\" height=\"225\" src=\"https:\/\/www.ordonnansen.se\/wp-content\/uploads\/wp-links-page\/tgmse1727991880-300x225.jpg\" class=\"attachment-medium size-medium\" alt=\"\" style=\"border: 1px solid black; box-shadow: 0 5px 10px 0 rgba(0,0,0,0.2),0 5px 15px 0 rgba(0,0,0,0.19);\" \/><\/noscript>\n<\/span>\n<\/div>\r\n\t\t\t\t<p class=\"wplf_display\" style=\"font-weight: bold; text-align: left\" >tgm.se<\/p>\r\n\t\t\t\t<\/a><p class=\"wplf_desc\" style=\"text-align: left\">TGM AB<!-- AddThis Advanced Settings generic via filter on the_content --><!-- AddThis Share Buttons generic via filter on the_content --><\/p>\r\n\t\t\t\t<\/div>\r\n\t\t\t\t<hr><div id=\"wplf_list-item-13\" class=\"list-item wplf-item\">\r\n\t\t\t\t<a class=\"wplf_link\" href=\"https:\/\/uddevalla-byfjordenrotary.se\" target=\"_blank\">\r\n\t\t\t\t<div class=\"list-img\"><span data-picture data-class=\"attachment-medium size-medium\" data-style=\"border: 1px solid black; box-shadow: 0 5px 10px 0 rgba(0,0,0,0.2),0 5px 15px 0 rgba(0,0,0,0.19);\" data-width=\"300\" data-height=\"225\">\n  <span data-src=\"https:\/\/www.ordonnansen.se\/wp-content\/uploads\/wp-links-page\/uddevallabyfjordenrotaryse1692832297-300x225.jpg\"><\/span>\n    <noscript><img decoding=\"async\" width=\"300\" height=\"225\" src=\"https:\/\/www.ordonnansen.se\/wp-content\/uploads\/wp-links-page\/uddevallabyfjordenrotaryse1692832297-300x225.jpg\" class=\"attachment-medium size-medium\" alt=\"\" style=\"border: 1px solid black; box-shadow: 0 5px 10px 0 rgba(0,0,0,0.2),0 5px 15px 0 rgba(0,0,0,0.19);\" \/><\/noscript>\n<\/span>\n<\/div>\r\n\t\t\t\t<p class=\"wplf_display\" style=\"font-weight: bold; text-align: left\" >uddevalla-byfjordenrotary.se<\/p>\r\n\t\t\t\t<\/a><p class=\"wplf_desc\" style=\"text-align: left\">Uddevalla-Byfjorden Rotaryklubbs lokala hemsida.<!-- AddThis Advanced Settings generic via filter on the_content --><!-- AddThis Share Buttons generic via filter on the_content --><\/p>\r\n\t\t\t\t<\/div>\r\n\t\t\t\t<hr><div id=\"wplf_list-item-14\" class=\"list-item wplf-item\">\r\n\t\t\t\t<a class=\"wplf_link\" href=\"https:\/\/judiskkristnarelationer.se\/\" target=\"_blank\">\r\n\t\t\t\t<div class=\"list-img\"><span data-picture data-class=\"attachment-medium size-medium\" data-style=\"border: 1px solid black; box-shadow: 0 5px 10px 0 rgba(0,0,0,0.2),0 5px 15px 0 rgba(0,0,0,0.19);\" data-width=\"300\" data-height=\"225\">\n  <span data-src=\"https:\/\/www.ordonnansen.se\/wp-content\/uploads\/wp-links-page\/judiskkristnarelationerse1727992261-300x225.jpg\"><\/span>\n    <noscript><img decoding=\"async\" width=\"300\" height=\"225\" src=\"https:\/\/www.ordonnansen.se\/wp-content\/uploads\/wp-links-page\/judiskkristnarelationerse1727992261-300x225.jpg\" class=\"attachment-medium size-medium\" alt=\"\" style=\"border: 1px solid black; box-shadow: 0 5px 10px 0 rgba(0,0,0,0.2),0 5px 15px 0 rgba(0,0,0,0.19);\" \/><\/noscript>\n<\/span>\n<\/div>\r\n\t\t\t\t<p class=\"wplf_display\" style=\"font-weight: bold; text-align: left\" >judiskkristnarelationer.se<\/p>\r\n\t\t\t\t<\/a><p class=\"wplf_desc\" style=\"text-align: left\">Insamlingsstiftelsen G\u00f6ran Larssons jubileumsfond f\u00f6r judisk-kristna relationer.<!-- AddThis Advanced Settings generic via filter on the_content --><!-- AddThis Share Buttons generic via filter on the_content --><\/p>\r\n\t\t\t\t<\/div>\r\n\t\t\t\t<hr><div id=\"wplf_list-item-15\" class=\"list-item wplf-item\">\r\n\t\t\t\t<a class=\"wplf_link\" href=\"https:\/\/berndtab.se\" target=\"_blank\">\r\n\t\t\t\t<div class=\"list-img\"><span data-picture data-class=\"attachment-medium size-medium\" data-style=\"border: 1px solid black; box-shadow: 0 5px 10px 0 rgba(0,0,0,0.2),0 5px 15px 0 rgba(0,0,0,0.19);\" data-width=\"300\" data-height=\"225\">\n  <span data-src=\"https:\/\/www.ordonnansen.se\/wp-content\/uploads\/wp-links-page\/berndtabse1727992261-300x225.jpg\"><\/span>\n    <noscript><img decoding=\"async\" width=\"300\" height=\"225\" src=\"https:\/\/www.ordonnansen.se\/wp-content\/uploads\/wp-links-page\/berndtabse1727992261-300x225.jpg\" class=\"attachment-medium size-medium\" alt=\"\" style=\"border: 1px solid black; box-shadow: 0 5px 10px 0 rgba(0,0,0,0.2),0 5px 15px 0 rgba(0,0,0,0.19);\" \/><\/noscript>\n<\/span>\n<\/div>\r\n\t\t\t\t<p class=\"wplf_display\" style=\"font-weight: bold; text-align: left\" >berndtab.se<\/p>\r\n\t\t\t\t<\/a><p class=\"wplf_desc\" style=\"text-align: left\">Munbl\u00e5sta glasprodukter, julpynt och bijouterier med Swarovskikristall.<!-- AddThis Advanced Settings generic via filter on the_content --><!-- AddThis Share Buttons generic via filter on the_content --><\/p>\r\n\t\t\t\t<\/div>\r\n\t\t\t\t<hr><\/div><div style=\"clear:both;\"><\/div><\/div>\n        <\/div><\/section>\n","protected":false},"excerpt":{"rendered":"<p>H\u00e4r f\u00f6ljer ett litet antal sidor som vi varit inblandade i p\u00e5 n\u00e5got s\u00e4tt &#8211; antingen som ensamma kreat\u00f6rer eller som delansvariga.\u00a0Vi bygger\u00a0\u00e4ven p\u00e5 ett bra s\u00e4tt unika teman f\u00f6r WordPress, vilket blir mer och mer g\u00e4llande idag. Med WordPress kan kunden sj\u00e4lv p\u00e5 ett ganska enkelt s\u00e4tt sj\u00e4lv uppdatera inneh\u00e5llet p\u00e5 sidorna utan att &hellip; <a href=\"https:\/\/www.ordonnansen.se\/?wplp_link=https-www-berndtab-se\" class=\"more-link\">Continue reading<span class=\"screen-reader-text\"> &#8220;https:\/\/berndtab.se&#8221;<\/span><\/a><!-- AddThis Advanced Settings generic via filter on wp_trim_excerpt --><!-- AddThis Share Buttons generic via filter on wp_trim_excerpt --><\/p>\n","protected":false},"author":2,"featured_media":0,"parent":0,"menu_order":0,"comment_status":"closed","ping_status":"closed","template":"","meta":{"_acf_changed":false,"_crdt_document":"","footnotes":""},"class_list":["post-1452","page","type-page","status-publish","hentry"],"acf":[],"_links":{"self":[{"href":"https:\/\/www.ordonnansen.se\/index.php?rest_route=\/wp\/v2\/pages\/1452","targetHints":{"allow":["GET"]}}],"collection":[{"href":"https:\/\/www.ordonnansen.se\/index.php?rest_route=\/wp\/v2\/pages"}],"about":[{"href":"https:\/\/www.ordonnansen.se\/index.php?rest_route=\/wp\/v2\/types\/page"}],"author":[{"embeddable":true,"href":"https:\/\/www.ordonnansen.se\/index.php?rest_route=\/wp\/v2\/users\/2"}],"replies":[{"embeddable":true,"href":"https:\/\/www.ordonnansen.se\/index.php?rest_route=%2Fwp%2Fv2%2Fcomments&post=1452"}],"version-history":[{"count":22,"href":"https:\/\/www.ordonnansen.se\/index.php?rest_route=\/wp\/v2\/pages\/1452\/revisions"}],"predecessor-version":[{"id":2080,"href":"https:\/\/www.ordonnansen.se\/index.php?rest_route=\/wp\/v2\/pages\/1452\/revisions\/2080"}],"wp:attachment":[{"href":"https:\/\/www.ordonnansen.se\/index.php?rest_route=%2Fwp%2Fv2%2Fmedia&parent=1452"}],"curies":[{"name":"wp","href":"https:\/\/api.w.org\/{rel}","templated":true}]}}