{"id":1445,"date":"2019-03-25T07:59:47","date_gmt":"2019-03-25T06:59:47","guid":{"rendered":"https:\/\/www.ordonnansen.se\/?page_id=1445"},"modified":"2020-03-22T23:09:17","modified_gmt":"2020-03-22T22:09:17","slug":"video-pa-leopardhona","status":"publish","type":"page","link":"https:\/\/www.ordonnansen.se\/?page_id=1445","title":{"rendered":"Video p\u00e5 leopardhona"},"content":{"rendered":"\n    \n    <section class=\"u-clearfix u-white u-section-2\" id=\"sec-df24\">\n      <div class=\"u-clearfix u-sheet u-sheet-1\">\n        <p class=\"u-text u-text-1\">En bild s\u00e4ger mer \u00e4n tusen ord s\u00e4gs det, vilket \u00e4r en gammal god sanning. Men om en bild s\u00e4ger s\u00e5 mycket - vad s\u00e4ger d\u00e5 inte en hel videofilm? Numera \u00e4r det ganska l\u00e4tt att implementera en video p\u00e5 en sida, se bara h\u00e4r nedan...&nbsp;\n          <br>\n          <br>\u00c4ven\n                om denna video \u00e4r 20 \u00e5r gammal och filmad med en gammaldags kamera med tape ist\u00e4llet f\u00f6r minneskort, g\u00f6r den sitt jobb.\n        <\/p>\n      <\/div>\n    <\/section>\n    <section class=\"u-clearfix u-white u-section-3\" id=\"sec-b5f0\">\n      <div class=\"u-clearfix u-sheet u-sheet-1\">\n        <div class=\"u-border-1 u-border-custom-color-3 u-expanded-width u-video u-video-contain u-video-1\">\n          <div style=\"position: absolute;\" class=\"embed-responsive\">\n            <iframe style=\"position: absolute;top: 0;left: 0;width: 100%;height: 100%;\" class=\"embed-responsive-item lazyload\" data-src=\"https:\/\/www.youtube.com\/embed\/vnA_8px8tss?mute=0&amp;showinfo=0&amp;controls=1&amp;start=0\" frameborder=\"0\" allowfullscreen=\"\" src=\"data:image\/svg+xml;base64,PHN2ZyB3aWR0aD0iMSIgaGVpZ2h0PSIxIiB4bWxucz0iaHR0cDovL3d3dy53My5vcmcvMjAwMC9zdmciPjwvc3ZnPg==\" data-load-mode=\"1\"><\/iframe>\n          <\/div>\n        <\/div>\n        <p class=\"u-text u-text-1\">En leopardhona kom alldeles n\u00e4ra oss n\u00e4r vi var p\u00e5 fotosafari i Shaba National Reserve, Kenya (All rights reserved \u00a9).<\/p>\n      <\/div>\n    <\/section>\n    \n    \n  \n<!-- AddThis Advanced Settings generic via filter on the_content --><!-- AddThis Share Buttons generic via filter on the_content -->","protected":false},"excerpt":{"rendered":"<p>En bild s\u00e4ger mer \u00e4n tusen ord s\u00e4gs det, vilket \u00e4r en gammal god sanning. Men om en bild s\u00e4ger s\u00e5 mycket &#8211; vad s\u00e4ger d\u00e5 inte en hel videofilm? Numera \u00e4r det ganska l\u00e4tt att implementera en video p\u00e5 en sida, se bara h\u00e4r nedan&#8230;&nbsp; \u00c4ven om denna video \u00e4r 20 \u00e5r gammal och &hellip; <a href=\"https:\/\/www.ordonnansen.se\/?page_id=1445\" class=\"more-link\">Continue reading<span class=\"screen-reader-text\"> &#8220;Video p\u00e5 leopardhona&#8221;<\/span><\/a><!-- AddThis Advanced Settings generic via filter on wp_trim_excerpt --><!-- AddThis Share Buttons generic via filter on wp_trim_excerpt --><\/p>\n","protected":false},"author":2,"featured_media":0,"parent":0,"menu_order":0,"comment_status":"closed","ping_status":"closed","template":"","meta":{"_acf_changed":false,"_crdt_document":"","footnotes":""},"class_list":["post-1445","page","type-page","status-publish","hentry"],"acf":[],"_links":{"self":[{"href":"https:\/\/www.ordonnansen.se\/index.php?rest_route=\/wp\/v2\/pages\/1445","targetHints":{"allow":["GET"]}}],"collection":[{"href":"https:\/\/www.ordonnansen.se\/index.php?rest_route=\/wp\/v2\/pages"}],"about":[{"href":"https:\/\/www.ordonnansen.se\/index.php?rest_route=\/wp\/v2\/types\/page"}],"author":[{"embeddable":true,"href":"https:\/\/www.ordonnansen.se\/index.php?rest_route=\/wp\/v2\/users\/2"}],"replies":[{"embeddable":true,"href":"https:\/\/www.ordonnansen.se\/index.php?rest_route=%2Fwp%2Fv2%2Fcomments&post=1445"}],"version-history":[{"count":11,"href":"https:\/\/www.ordonnansen.se\/index.php?rest_route=\/wp\/v2\/pages\/1445\/revisions"}],"predecessor-version":[{"id":3902,"href":"https:\/\/www.ordonnansen.se\/index.php?rest_route=\/wp\/v2\/pages\/1445\/revisions\/3902"}],"wp:attachment":[{"href":"https:\/\/www.ordonnansen.se\/index.php?rest_route=%2Fwp%2Fv2%2Fmedia&parent=1445"}],"curies":[{"name":"wp","href":"https:\/\/api.w.org\/{rel}","templated":true}]}}