{"id":1422,"date":"2019-03-24T11:27:53","date_gmt":"2019-03-24T10:27:53","guid":{"rendered":"https:\/\/www.ordonnansen.se\/?page_id=1422"},"modified":"2019-05-18T11:29:10","modified_gmt":"2019-05-18T09:29:10","slug":"bildspel-med-t-s-britta-pa-ljungs-kile","status":"publish","type":"page","link":"https:\/\/www.ordonnansen.se\/?page_id=1422","title":{"rendered":"Bildspel med T\/S Britta p\u00e5 Ljungs kile"},"content":{"rendered":"\n    <section class=\"u-clearfix u-white u-section-1\" id=\"sec-f350\"><div class=\"u-clearfix u-sheet u-sheet-1\">\n            <p class=\"u-text u-text-1\">H\u00e4r har vi ett litet bildspel med T\/S Britta n\u00e4r hon ang\u00f6r flytbryggan p\u00e5 Ulv\u00f6n i Ljungskile.&nbsp;<br>Det var en str\u00e5lande f\u00f6rsommardag i slutet av maj. Helt vindstilla.<br><\/p>\n        <\/div><\/section>\n    <section class=\"u-carousel u-slide u-block-bd9a-1\" id=\"carousel_c061\" data-interval=\"5000\" data-u-ride=\"carousel\"><ol class=\"u-absolute-hcenter-lg u-absolute-hcenter-md u-absolute-hcenter-sm u-absolute-hcenter-xl u-border-no-bottom u-border-no-left u-border-no-right u-border-no-top u-carousel-indicators u-block-bd9a-5\">\n            <li data-u-target=\"#carousel_c061\" class=\"u-grey-30\" data-u-slide-to=\"0\"><\/li>\n            <li data-u-target=\"#carousel_c061\" class=\"u-grey-30\" data-u-slide-to=\"1\"><\/li>\n            <li data-u-target=\"#carousel_c061\" class=\"u-grey-30\" data-u-slide-to=\"2\"><\/li>\n            <li data-u-target=\"#carousel_c061\" class=\"u-grey-30\" data-u-slide-to=\"3\"><\/li>\n            <li data-u-target=\"#carousel_c061\" class=\"u-grey-30\" data-u-slide-to=\"4\"><\/li>\n            <li data-u-target=\"#carousel_c061\" class=\"u-grey-30\" data-u-slide-to=\"5\"><\/li>\n            <li data-u-target=\"#carousel_c061\" class=\"u-grey-30\" data-u-slide-to=\"6\"><\/li>\n            <li data-u-target=\"#carousel_c061\" class=\"u-grey-30\" data-u-slide-to=\"7\"><\/li>\n            <li data-u-target=\"#carousel_c061\" class=\"u-grey-30\" data-u-slide-to=\"8\"><\/li>\n        <\/ol><div class=\"u-carousel-inner\" role=\"listbox\">\n            <div class=\"u-border-no-bottom u-border-no-left u-border-no-right u-border-no-top u-carousel-item u-clearfix u-expand-resize u-white u-active u-section-2-1\"><div class=\"u-border-1 u-border-custom-color-3 u-clearfix u-image u-sheet u-image-1\">\n                    <p class=\"u-text u-text-body-alt-color u-text-1\">Flytbryggan p\u00e5 Ulv\u00f6n.<\/p>\n                <\/div><\/div>\n            <div class=\"u-border-no-bottom u-border-no-left u-border-no-right u-border-no-top u-carousel-item u-clearfix u-expand-resize u-white u-section-2-2\"><div class=\"u-border-1 u-border-custom-color-3 u-clearfix u-image u-sheet u-image-1\">\n                    <p class=\"u-text u-text-body-alt-color u-text-1\">T\/S Britta p\u00e5 Ljungs kile.<\/p>\n                <\/div><\/div>\n            <div class=\"u-carousel-item u-clearfix u-expand-resize u-white u-section-2-3\"><div class=\"u-border-1 u-border-custom-color-3 u-clearfix u-image u-sheet u-image-1\">\n                    <p class=\"u-text u-text-body-alt-color u-text-1\">T\/S Britta vid Lyckorna.<\/p>\n                <\/div><\/div>\n            <div class=\"u-border-no-bottom u-border-no-left u-border-no-right u-border-no-top u-carousel-item u-clearfix u-expand-resize u-white u-section-2-4\"><div class=\"u-border-1 u-border-custom-color-3 u-clearfix u-image u-sheet u-image-1\">\n                    <p class=\"u-text u-text-body-alt-color u-text-1\">T\/S Britta i lugnt vatten.<\/p>\n                <\/div><\/div>\n            <div class=\"u-border-no-bottom u-border-no-left u-border-no-right u-border-no-top u-carousel-item u-clearfix u-expand-resize u-white u-section-2-5\"><div class=\"u-border-1 u-border-custom-color-3 u-clearfix u-image u-sheet u-image-1\">\n                    <p class=\"u-text u-text-body-alt-color u-text-1\">T\/S Britta n\u00e4rmar sig.<\/p>\n                <\/div><\/div>\n            <div class=\"u-border-no-bottom u-border-no-left u-border-no-right u-border-no-top u-carousel-item u-clearfix u-expand-resize u-white u-section-2-6\"><div class=\"u-border-1 u-border-custom-color-3 u-clearfix u-image u-sheet u-image-1\">\n                    <p class=\"u-text u-text-1\">T\/S Britta - ang\u00f6ring p\u00e5g\u00e5r.<\/p>\n                <\/div><\/div>\n            <div class=\"u-border-no-bottom u-border-no-left u-border-no-right u-border-no-top u-carousel-item u-clearfix u-expand-resize u-white u-section-2-7\"><div class=\"u-border-1 u-border-custom-color-3 u-clearfix u-image u-sheet u-image-1\">\n                    <p class=\"u-text u-text-body-alt-color u-text-1\">T\/S Britta - Kalle har hoppat i land.<\/p>\n                <\/div><\/div>\n            <div class=\"u-border-no-bottom u-border-no-left u-border-no-right u-border-no-top u-carousel-item u-clearfix u-expand-resize u-white u-section-2-8\"><div class=\"u-border-1 u-border-custom-color-3 u-clearfix u-image u-sheet u-image-1\">\n                    <p class=\"u-text u-text-body-alt-color u-text-1\">G\u00e5r iland.<\/p>\n                <\/div><\/div>\n            <div class=\"u-border-no-bottom u-border-no-left u-border-no-right u-border-no-top u-carousel-item u-clearfix u-expand-resize u-white u-section-2-9\"><div class=\"u-clearfix u-image u-sheet u-image-1\">\n                    <p class=\"u-text u-text-body-alt-color u-text-1\">Stilla vatten vid Ulv\u00f6n.<\/p>\n                <\/div><\/div>\n        <\/div><a class=\"u-absolute-vcenter u-border-no-bottom u-border-no-left u-border-no-right u-border-no-top u-carousel-control u-carousel-control-prev u-text-grey-40 u-block-bd9a-3\" href=\"#carousel_c061\" role=\"button\" data-u-slide=\"prev\">\n        <span aria-hidden=\"true\"><svg viewBox=\"0 0 256 256\">\n<g>\n<polygon points=\"207.093,30.187 176.907,0 48.907,128 176.907,256 207.093,225.813 109.28,128\"><\/polygon>\n<\/g>\n<\/svg>\n<\/span>\n        <span class=\"sr-only\"><svg viewBox=\"0 0 256 256\">\n<g>\n<polygon points=\"207.093,30.187 176.907,0 48.907,128 176.907,256 207.093,225.813 109.28,128\"><\/polygon>\n<\/g>\n<\/svg>\n<\/span>\n      <\/a><a class=\"u-absolute-vcenter u-border-no-bottom u-border-no-left u-border-no-right u-border-no-top u-carousel-control u-carousel-control-next u-text-grey-40 u-block-bd9a-4\" href=\"#carousel_c061\" role=\"button\" data-u-slide=\"next\">\n        <span aria-hidden=\"true\"><svg viewBox=\"0 0 306 306\">\n<g id=\"chevron-right\">\n<polygon points=\"94.35,0 58.65,35.7 175.95,153 58.65,270.3 94.35,306 247.35,153\"><\/polygon>\n<\/g>\n<\/svg><\/span>\n        <span class=\"sr-only\"><svg viewBox=\"0 0 306 306\">\n<g id=\"chevron-right\">\n<polygon points=\"94.35,0 58.65,35.7 175.95,153 58.65,270.3 94.35,306 247.35,153\"><\/polygon>\n<\/g>\n<\/svg><\/span>\n      <\/a><\/section>\n    <section class=\"u-clearfix u-white u-section-3\" id=\"sec-78f6\"><div class=\"u-clearfix u-sheet u-sheet-1\">\n            <p class=\"u-small-text u-text u-text-font u-text-variant u-text-1\">All rights reserved \u00a9.<\/p>\n        <\/div><\/section>\n<!-- AddThis Advanced Settings generic via filter on the_content --><!-- AddThis Share Buttons generic via filter on the_content -->","protected":false},"excerpt":{"rendered":"<p>H\u00e4r har vi ett litet bildspel med T\/S Britta n\u00e4r hon ang\u00f6r flytbryggan p\u00e5 Ulv\u00f6n i Ljungskile.&nbsp;Det var en str\u00e5lande f\u00f6rsommardag i slutet av maj. Helt vindstilla. Flytbryggan p\u00e5 Ulv\u00f6n. T\/S Britta p\u00e5 Ljungs kile. T\/S Britta vid Lyckorna. T\/S Britta i lugnt vatten. T\/S Britta n\u00e4rmar sig. T\/S Britta &#8211; ang\u00f6ring p\u00e5g\u00e5r. T\/S Britta &hellip; <a href=\"https:\/\/www.ordonnansen.se\/?page_id=1422\" class=\"more-link\">Continue reading<span class=\"screen-reader-text\"> &#8220;Bildspel med T\/S Britta p\u00e5 Ljungs kile&#8221;<\/span><\/a><!-- AddThis Advanced Settings generic via filter on wp_trim_excerpt --><!-- AddThis Share Buttons generic via filter on wp_trim_excerpt --><\/p>\n","protected":false},"author":2,"featured_media":0,"parent":0,"menu_order":0,"comment_status":"closed","ping_status":"closed","template":"","meta":{"_acf_changed":false,"_crdt_document":"","footnotes":""},"class_list":["post-1422","page","type-page","status-publish","hentry"],"acf":[],"_links":{"self":[{"href":"https:\/\/www.ordonnansen.se\/index.php?rest_route=\/wp\/v2\/pages\/1422","targetHints":{"allow":["GET"]}}],"collection":[{"href":"https:\/\/www.ordonnansen.se\/index.php?rest_route=\/wp\/v2\/pages"}],"about":[{"href":"https:\/\/www.ordonnansen.se\/index.php?rest_route=\/wp\/v2\/types\/page"}],"author":[{"embeddable":true,"href":"https:\/\/www.ordonnansen.se\/index.php?rest_route=\/wp\/v2\/users\/2"}],"replies":[{"embeddable":true,"href":"https:\/\/www.ordonnansen.se\/index.php?rest_route=%2Fwp%2Fv2%2Fcomments&post=1422"}],"version-history":[{"count":39,"href":"https:\/\/www.ordonnansen.se\/index.php?rest_route=\/wp\/v2\/pages\/1422\/revisions"}],"predecessor-version":[{"id":1671,"href":"https:\/\/www.ordonnansen.se\/index.php?rest_route=\/wp\/v2\/pages\/1422\/revisions\/1671"}],"wp:attachment":[{"href":"https:\/\/www.ordonnansen.se\/index.php?rest_route=%2Fwp%2Fv2%2Fmedia&parent=1422"}],"curies":[{"name":"wp","href":"https:\/\/api.w.org\/{rel}","templated":true}]}}