{"id":1290,"date":"2019-03-22T21:49:16","date_gmt":"2019-03-22T20:49:16","guid":{"rendered":"https:\/\/www.ordonnansen.se\/?page_id=1290"},"modified":"2019-03-26T07:45:54","modified_gmt":"2019-03-26T06:45:54","slug":"bildspel-med-t-s-britta","status":"publish","type":"page","link":"https:\/\/www.ordonnansen.se\/?page_id=1290","title":{"rendered":"Bildspel fr\u00e5n Kenya i Afrika"},"content":{"rendered":"\n    <section class=\"u-clearfix u-lightbox u-white u-section-1\" id=\"sec-af56\"><div class=\"u-clearfix u-sheet u-sheet-1\">\n            <h2 class=\"u-text u-text-custom-color-3 u-text-1\">Bildspel fr\u00e5n Kenya i Afrika<\/h2>\n        <\/div><\/section>\n    <section class=\"u-clearfix u-lightbox u-white u-section-2\" id=\"sec-efff\"><div class=\"u-clearfix u-sheet u-sheet-1\">\n            <p class=\"u-text u-text-custom-color-3 u-text-1\">H\u00e4r har vi ett litet bildspel fr\u00e5n n\u00e5gra nationalparker i Kenya.<br>Naturen \u00e4r underbar!<br><br><\/p>\n        <\/div><\/section>\n    <section class=\"u-carousel u-carousel-duration-1000 u-slide u-block-f5a5-1\" id=\"carousel_6bc3\" data-interval=\"6000\" data-u-ride=\"carousel\"><ol class=\"u-absolute-hcenter u-border-no-bottom u-border-no-left u-border-no-right u-border-no-top u-carousel-indicators u-hidden u-block-f5a5-2\">\n            <li data-u-target=\"#carousel_6bc3\" class=\"u-custom-color-3\" data-u-slide-to=\"0\"><\/li>\n            <li data-u-target=\"#carousel_6bc3\" class=\"u-custom-color-3\" data-u-slide-to=\"1\"><\/li>\n            <li data-u-target=\"#carousel_6bc3\" class=\"u-custom-color-3\" data-u-slide-to=\"2\"><\/li>\n            <li data-u-target=\"#carousel_6bc3\" class=\"u-custom-color-3\" data-u-slide-to=\"3\"><\/li>\n            <li data-u-target=\"#carousel_6bc3\" class=\"u-custom-color-3\" data-u-slide-to=\"4\"><\/li>\n            <li data-u-target=\"#carousel_6bc3\" class=\"u-custom-color-3\" data-u-slide-to=\"5\"><\/li>\n            <li data-u-target=\"#carousel_6bc3\" class=\"u-custom-color-3\" data-u-slide-to=\"6\"><\/li>\n            <li data-u-target=\"#carousel_6bc3\" class=\"u-custom-color-3\" data-u-slide-to=\"7\"><\/li>\n            <li data-u-target=\"#carousel_6bc3\" class=\"u-custom-color-3\" data-u-slide-to=\"8\"><\/li>\n            <li data-u-target=\"#carousel_6bc3\" class=\"u-custom-color-3\" data-u-slide-to=\"9\"><\/li>\n        <\/ol><div class=\"u-carousel-inner\" role=\"listbox\">\n            <div class=\"skrollable skrollable-between u-border-no-bottom u-border-no-left u-border-no-right u-border-no-top u-carousel-item u-clearfix u-expand-resize u-white u-active u-section-3-1\" src=\"\" style=\"background-image: none\"><div class=\"u-border-1 u-border-custom-color-3 u-clearfix u-image u-sheet u-image-1\">\n                    <div class=\"u-align-left u-container-style u-group u-group-1\">\n                        <div class=\"u-container-layout u-container-layout-1\">\n                            <p class=\"u-large-text u-text u-text-body-alt-color u-text-variant u-text-1\">Asgam i Masai Mara, Kenya<\/p>\n                        <\/div>\n                    <\/div>\n                <\/div><\/div>\n            <div class=\"u-carousel-item u-clearfix u-expand-resize u-white u-section-3-2\" src=\"\" style=\"background-image: none\"><div class=\"u-border-1 u-border-custom-color-3 u-clearfix u-image u-sheet u-image-1\">\n                    <p class=\"u-small-text u-text u-text-body-alt-color u-text-font u-text-variant u-text-1\">N\u00e4tgiraff i Buffalo Springs Reserve, Kenya<\/p>\n                <\/div><\/div>\n            <div class=\"u-carousel-item u-clearfix u-expand-resize u-white u-section-3-3\" src=\"\" style=\"background-image: none\"><div class=\"u-border-1 u-border-custom-color-3 u-clearfix u-image u-sheet u-image-1\">\n                    <p class=\"u-text u-text-1\">Masai Mara<\/p>\n                <\/div><\/div>\n            <div class=\"u-carousel-item u-clearfix u-expand-resize u-white u-section-3-4\" src=\"\" style=\"background-image: none\"><div class=\"u-border-1 u-border-custom-color-3 u-clearfix u-image u-sheet u-image-1\">\n                    <div class=\"u-align-left u-container-style u-group u-group-1\">\n                        <div class=\"u-container-layout u-container-layout-1\">\n                            <p class=\"u-large-text u-text u-text-body-alt-color u-text-variant u-text-1\">Flodh\u00e4star i Marafloden p\u00e5 gr\u00e4nsen mellan Kenya och Tanzania.<\/p>\n                        <\/div>\n                    <\/div>\n                <\/div><\/div>\n            <div class=\"u-carousel-item u-clearfix u-expand-resize u-white u-section-3-5\" src=\"\" style=\"background-image: none\"><div class=\"u-border-1 u-border-custom-color-3 u-clearfix u-image u-sheet u-image-1\">\n                    <div class=\"u-align-left u-container-style u-group u-group-1\">\n                        <div class=\"u-container-layout u-container-layout-1\">\n                            <p class=\"u-large-text u-text u-text-body-alt-color u-text-variant u-text-1\">Unga lejonhanar mitt i middagsslummern.<\/p>\n                        <\/div>\n                    <\/div>\n                <\/div><\/div>\n            <div class=\"u-carousel-item u-clearfix u-expand-resize u-white u-section-3-6\" src=\"\" style=\"background-image: none\"><div class=\"u-border-1 u-border-custom-color-3 u-clearfix u-image u-sheet u-image-1\">\n                    <div class=\"u-align-left u-container-style u-group u-group-1\">\n                        <div class=\"u-container-layout u-container-layout-1\">\n                            <p class=\"u-large-text u-text u-text-custom-color-3 u-text-variant u-text-1\">Nosh\u00f6rningar vid Lake Nakuru.<\/p>\n                        <\/div>\n                    <\/div>\n                <\/div><\/div>\n            <div class=\"u-carousel-item u-clearfix u-expand-resize u-white u-section-3-7\" src=\"\" style=\"background-image: none\"><div class=\"u-border-1 u-border-custom-color-3 u-clearfix u-image u-sheet u-image-1\">\n                    <div class=\"u-align-left-lg u-align-left-md u-align-left-sm u-align-left-xl u-align-right-xs u-container-style u-expanded-width-sm u-group u-group-1\">\n                        <div class=\"u-container-layout u-container-layout-1\">\n                            <p class=\"u-large-text u-text u-text-custom-color-3 u-text-variant u-text-1\">Struts p\u00e5 v\u00e4g i Masai Mara.<\/p>\n                        <\/div>\n                    <\/div>\n                <\/div><\/div>\n            <div class=\"u-carousel-item u-clearfix u-expand-resize u-white u-section-3-8\" src=\"\" style=\"background-image: none\"><div class=\"u-border-1 u-border-custom-color-3 u-clearfix u-image u-sheet u-image-1\">\n                    <div class=\"u-align-center-sm u-align-left-lg u-align-left-md u-align-left-xl u-align-right-xs u-container-style u-group u-group-1\">\n                        <div class=\"u-container-layout u-container-layout-1\">\n                            <p class=\"u-large-text u-text u-text-variant u-text-white u-text-1\">Zebra med oxhackare p\u00e5 ryggen.<\/p>\n                        <\/div>\n                    <\/div>\n                <\/div><\/div>\n            <div class=\"u-carousel-item u-clearfix u-expand-resize u-white u-section-3-9\" src=\"\" style=\"background-image: none\"><div class=\"u-border-1 u-border-custom-color-3 u-clearfix u-image u-sheet u-image-1\">\n                    <div class=\"u-align-left u-container-style u-group u-group-1\">\n                        <div class=\"u-container-layout u-container-layout-1\">\n                            <p class=\"u-large-text u-text u-text-custom-color-3 u-text-variant u-text-1\">Afrikas farligaste djur - den afrikanska buffeln.<\/p>\n                        <\/div>\n                    <\/div>\n                <\/div><\/div>\n            <div class=\"u-carousel-item u-clearfix u-expand-resize u-white u-section-3-10\" src=\"\" style=\"background-image: none\"><div class=\"u-border-1 u-border-custom-color-3 u-clearfix u-image u-sheet u-image-1\">\n                    <div class=\"u-align-left u-container-style u-group u-group-1\">\n                        <div class=\"u-container-layout u-container-layout-1\">\n                            <p class=\"u-large-text u-text u-text-variant u-text-white u-text-1\">Formel 1 p\u00e5 savannen - geparden.<\/p>\n                        <\/div>\n                    <\/div>\n                <\/div><\/div>\n        <\/div><a class=\"u-absolute-vcenter u-active-palette-1-base u-carousel-control u-carousel-control-prev u-hover-palette-1-base u-text-custom-color-3 u-white u-block-f5a5-3\" href=\"#carousel_6bc3\" role=\"button\" data-u-slide=\"prev\">\n        <span aria-hidden=\"true\"><svg viewBox=\"0 0 256 256\">\n<g>\n<polygon points=\"207.093,30.187 176.907,0 48.907,128 176.907,256 207.093,225.813 109.28,128\"><\/polygon>\n<\/g>\n<\/svg>\n<\/span>\n        <span class=\"sr-only\"><svg viewBox=\"0 0 256 256\">\n<g>\n<polygon points=\"207.093,30.187 176.907,0 48.907,128 176.907,256 207.093,225.813 109.28,128\"><\/polygon>\n<\/g>\n<\/svg>\n<\/span>\n      <\/a><a class=\"u-absolute-vcenter u-active-palette-1-base u-carousel-control u-carousel-control-next u-hover-palette-1-base u-text-custom-color-3 u-white u-block-f5a5-4\" href=\"#carousel_6bc3\" role=\"button\" data-u-slide=\"next\">\n        <span aria-hidden=\"true\"><svg viewBox=\"0 0 306 306\">\n<g id=\"chevron-right\">\n<polygon points=\"94.35,0 58.65,35.7 175.95,153 58.65,270.3 94.35,306 247.35,153\"><\/polygon>\n<\/g>\n<\/svg><\/span>\n        <span class=\"sr-only\"><svg viewBox=\"0 0 306 306\">\n<g id=\"chevron-right\">\n<polygon points=\"94.35,0 58.65,35.7 175.95,153 58.65,270.3 94.35,306 247.35,153\"><\/polygon>\n<\/g>\n<\/svg><\/span>\n      <\/a><\/section>\n    <section class=\"u-clearfix u-white u-section-4\" id=\"sec-fc12\"><div class=\"u-clearfix u-sheet u-sheet-1\">\n            <p class=\"u-small-text u-text u-text-font u-text-variant u-text-1\">All rights reserved \u00a9.<\/p>\n        <\/div><\/section>\n<!-- AddThis Advanced Settings generic via filter on the_content --><!-- AddThis Share Buttons generic via filter on the_content -->","protected":false},"excerpt":{"rendered":"<p>Bildspel fr\u00e5n Kenya i Afrika H\u00e4r har vi ett litet bildspel fr\u00e5n n\u00e5gra nationalparker i Kenya.Naturen \u00e4r underbar! Asgam i Masai Mara, Kenya N\u00e4tgiraff i Buffalo Springs Reserve, Kenya Masai Mara Flodh\u00e4star i Marafloden p\u00e5 gr\u00e4nsen mellan Kenya och Tanzania. Unga lejonhanar mitt i middagsslummern. Nosh\u00f6rningar vid Lake Nakuru. Struts p\u00e5 v\u00e4g i Masai Mara. &hellip; <a href=\"https:\/\/www.ordonnansen.se\/?page_id=1290\" class=\"more-link\">Continue reading<span class=\"screen-reader-text\"> &#8220;Bildspel fr\u00e5n Kenya i Afrika&#8221;<\/span><\/a><!-- AddThis Advanced Settings generic via filter on wp_trim_excerpt --><!-- AddThis Share Buttons generic via filter on wp_trim_excerpt --><\/p>\n","protected":false},"author":2,"featured_media":0,"parent":0,"menu_order":0,"comment_status":"closed","ping_status":"closed","template":"","meta":{"_acf_changed":false,"_crdt_document":"","footnotes":""},"class_list":["post-1290","page","type-page","status-publish","hentry"],"acf":[],"_links":{"self":[{"href":"https:\/\/www.ordonnansen.se\/index.php?rest_route=\/wp\/v2\/pages\/1290","targetHints":{"allow":["GET"]}}],"collection":[{"href":"https:\/\/www.ordonnansen.se\/index.php?rest_route=\/wp\/v2\/pages"}],"about":[{"href":"https:\/\/www.ordonnansen.se\/index.php?rest_route=\/wp\/v2\/types\/page"}],"author":[{"embeddable":true,"href":"https:\/\/www.ordonnansen.se\/index.php?rest_route=\/wp\/v2\/users\/2"}],"replies":[{"embeddable":true,"href":"https:\/\/www.ordonnansen.se\/index.php?rest_route=%2Fwp%2Fv2%2Fcomments&post=1290"}],"version-history":[{"count":57,"href":"https:\/\/www.ordonnansen.se\/index.php?rest_route=\/wp\/v2\/pages\/1290\/revisions"}],"predecessor-version":[{"id":1517,"href":"https:\/\/www.ordonnansen.se\/index.php?rest_route=\/wp\/v2\/pages\/1290\/revisions\/1517"}],"wp:attachment":[{"href":"https:\/\/www.ordonnansen.se\/index.php?rest_route=%2Fwp%2Fv2%2Fmedia&parent=1290"}],"curies":[{"name":"wp","href":"https:\/\/api.w.org\/{rel}","templated":true}]}}