{"id":1258,"date":"2019-03-22T16:49:54","date_gmt":"2019-03-22T15:49:54","guid":{"rendered":"https:\/\/www.ordonnansen.se\/?page_id=1258"},"modified":"2019-05-23T07:55:09","modified_gmt":"2019-05-23T05:55:09","slug":"page","status":"publish","type":"page","link":"https:\/\/www.ordonnansen.se\/?page_id=1258","title":{"rendered":"Kontakta oss"},"content":{"rendered":"\n    <section class=\"u-clearfix u-white u-section-1\" id=\"sec-78e1\"><div class=\"u-clearfix u-sheet u-sheet-1\">\n            <p class=\"u-large-text u-text u-text-custom-color-3 u-text-variant u-text-1\">Kontakta oss<\/p>\n        <\/div><\/section>\n    <section class=\"u-clearfix u-expand-resize u-white u-section-2\" id=\"sec-0c20\"><div class=\"u-border-1 u-border-custom-color-3 u-clearfix u-image u-sheet u-image-1\" data-image-width=\"1920\" data-image-height=\"1200\">\n        <\/div><\/section>\n    <section class=\"u-clearfix u-white u-section-3\" id=\"sec-c6a4\"><div class=\"u-clearfix u-sheet u-sheet-1\">\n            <div class=\"u-clearfix u-expanded-width u-layout-wrap u-layout-wrap-1\">\n                <div class=\"u-layout\">\n                    <div class=\"u-layout-row\">\n                        <div class=\"u-container-style u-expand-resize u-layout-cell u-left-cell u-size-47 u-layout-cell-1\">\n                            <div class=\"u-container-layout u-container-layout-1\">\n                                \n                                \n                                \n                            <p class=\"u-text u-text-custom-color-3 u-text-1\">Anv\u00e4nd g\u00e4rna nedanst\u00e5ende formul\u00e4r f\u00f6r att kontakta oss!<br><br><\/p><p class=\"u-small-text u-text u-text-font u-text-palette-1-base u-text-variant u-text-2\">F\u00e4lt markerade med * \u00e4r obligatoriska och m\u00e5ste fyllas i.<\/p><div class=\"u-clearfix u-custom-html u-white u-custom-html-1\"> <div class=\"frm_forms  with_frm_style frm_style_formidable-style\" id=\"frm_form_3_container\" >\n<form enctype=\"multipart\/form-data\" method=\"post\" class=\"frm-show-form \" id=\"form_j817on\" >\n<div class=\"frm_form_fields \">\n<fieldset>\n\r\n<div class=\"frm_fields_container\">\n<input type=\"hidden\" name=\"frm_action\" value=\"create\" \/>\n<input type=\"hidden\" name=\"form_id\" value=\"3\" \/>\n<input type=\"hidden\" name=\"frm_hide_fields_3\" id=\"frm_hide_fields_3\" value=\"\" \/>\n<input type=\"hidden\" name=\"form_key\" value=\"j817on\" \/>\n<input type=\"hidden\" name=\"item_meta[0]\" value=\"\" \/>\n<input type=\"hidden\" id=\"frm_submit_entry_3\" name=\"frm_submit_entry_3\" value=\"61f07a9207\" \/><input type=\"hidden\" name=\"_wp_http_referer\" value=\"\/index.php?rest_route=%2Fwp%2Fv2%2Fpages%2F1258\" \/><div id=\"frm_field_12_container\" class=\"frm_form_field form-field  frm_required_field frm_top_container\">\r\n    <label  class=\"frm_primary_label\">Namn\r\n        <span class=\"frm_required\">*<\/span>\r\n    <\/label>\r\n    <input type=\"text\" id=\"field_namn2\" name=\"item_meta[12]\" value=\"\"  data-reqmsg=\"Ange ditt f\u00f6r- och efternamn!\" aria-required=\"true\" data-invmsg=\"Namn \u00e4r ogiltigt\" aria-invalid=\"false\"  \/>\r\n    \r\n    \r\n<\/div>\n<div id=\"frm_field_13_container\" class=\"frm_form_field form-field  frm_required_field frm_top_container\">\r\n    <label  class=\"frm_primary_label\">E-postadress\r\n        <span class=\"frm_required\">*<\/span>\r\n    <\/label>\r\n    <input type=\"text\" id=\"field_e-postadress2\" name=\"item_meta[13]\" value=\"\"  data-reqmsg=\"Ange din e-postadress! Det m\u00e5ste vara en g\u00e4llande adress!\" aria-required=\"true\" data-invmsg=\"E-postadress \u00e4r ogiltigt\" aria-invalid=\"false\"  \/>\r\n    \r\n    \r\n<\/div>\n<div id=\"frm_field_14_container\" class=\"frm_form_field form-field  frm_top_container\">\r\n    <label  class=\"frm_primary_label\">F\u00f6retag\r\n        <span class=\"frm_required\"><\/span>\r\n    <\/label>\r\n    <input type=\"text\" id=\"field_fretag2\" name=\"item_meta[14]\" value=\"\"  data-invmsg=\"F\u00f6retag \u00e4r ogiltigt\" aria-invalid=\"false\"  \/>\r\n    \r\n    \r\n<\/div>\n<div id=\"frm_field_15_container\" class=\"frm_form_field form-field  frm_required_field frm_top_container\">\r\n    <label  class=\"frm_primary_label\">Meddelande\r\n        <span class=\"frm_required\">*<\/span>\r\n    <\/label>\r\n    <textarea name=\"item_meta[15]\" id=\"field_meddelande2\" rows=\"5\"  data-reqmsg=\"Du gl\u00f6mde ditt meddelande!\" aria-required=\"true\" data-invmsg=\"Meddelande \u00e4r ogiltigt\" aria-invalid=\"false\"  ><\/textarea>\r\n    \r\n    \r\n<\/div>\n<div id=\"frm_field_16_container\" class=\"frm_form_field form-field  frm_top_container\">\r\n    <label  class=\"frm_primary_label\">Markera i rutan! *\r\n        <span class=\"frm_required\"><\/span>\r\n    <\/label>\r\n    <div  id=\"field_fyllitecknennedanifltetunderdem\" class=\"g-recaptcha\" data-sitekey=\"6LfJ5OESAAAAALpeXHNHt-Vrk-TgdWjY8K8d-4vI\" data-size=\"normal\" data-theme=\"light\"><\/div>\r\n    <div id=\"frm_desc_field_fyllitecknennedanifltetunderdem\" class=\"frm_description\">Detta f\u00f6r att visa att du \u00e4r en vanlig m\u00e4nniska och inte n\u00e5gon spamrobot!<\/div>\r\n    \r\n<\/div>\n\t<input type=\"hidden\" name=\"item_key\" value=\"\" \/>\n\t\t\t<div id=\"frm_field_47_container\">\n\t\t\t<label for=\"field_pi6x4\" >\n\t\t\t\tOm du \u00e4r m\u00e4nsklig, l\u00e4mna det h\u00e4r f\u00e4ltet tomt.\t\t\t<\/label>\n\t\t\t<input  id=\"field_pi6x4\" type=\"text\" class=\"frm_form_field form-field frm_verify\" name=\"item_meta[47]\" value=\"\"  \/>\n\t\t<\/div>\n\t\t<input name=\"frm_state\" type=\"hidden\" value=\"ICa+jqcWVHzzGBo1wBohiyY9sMf0OlovcObzg1llWEw=\" \/><div class=\"frm_submit\">\r\n\r\n<input type=\"submit\" value=\"Skicka\"  \/>\r\n<span data-picture data-alt=\"Sending\" data-class=\"frm_ajax_loading\">\n  <span data-src=\"https:\/\/www.ordonnansen.se\/wp-content\/plugins\/formidable\/images\/ajax_loader.gif\"><\/span>\n    <noscript><img decoding=\"async\" class=\"frm_ajax_loading\" src=\"https:\/\/www.ordonnansen.se\/wp-content\/plugins\/formidable\/images\/ajax_loader.gif\" alt=\"Sending\" \/><\/noscript>\n<\/span>\n\r\n\r\n<\/div><\/div>\n<\/fieldset>\n<\/div>\n\n<p style=\"display: none !important;\" class=\"akismet-fields-container\" data-prefix=\"ak_\"><label>&#916;<textarea name=\"ak_hp_textarea\" cols=\"45\" rows=\"8\" maxlength=\"100\"><\/textarea><\/label><input type=\"hidden\" id=\"ak_js_1\" name=\"ak_js\" value=\"61\"\/><script type=\"text\/javascript\">\n\/* <![CDATA[ *\/\ndocument.getElementById( \"ak_js_1\" ).setAttribute( \"value\", ( new Date() ).getTime() );\n\/* ]]> *\/\n<\/script>\n<\/p><\/form>\n<\/div>\n<\/div><p class=\"u-text u-text-custom-color-3 u-text-3\">V\u00e5ra kontaktuppgifter:&nbsp;<br>Ordonnansens WebbVerkstad<br>Ramsedalen 570<br>459 93 Ljungskile&nbsp;<br>www.ordonnansen.se<br><a href=\"mailto:info@ordonnansen.se\">info@ordonnansen.se<\/a><br><br><br><\/p><\/div>\n                        <\/div>\n                        <div class=\"u-container-style u-expand-resize u-layout-cell u-right-cell u-size-13 u-layout-cell-2\">\n                            <div class=\"u-container-layout\"><\/div>\n                        <\/div>\n                    <\/div>\n                <\/div>\n            <\/div>\n        <\/div><\/section>\n<!-- AddThis Advanced Settings generic via filter on the_content --><!-- AddThis Share Buttons generic via filter on the_content -->","protected":false},"excerpt":{"rendered":"<p>Kontakta oss Anv\u00e4nd g\u00e4rna nedanst\u00e5ende formul\u00e4r f\u00f6r att kontakta oss!F\u00e4lt markerade med * \u00e4r obligatoriska och m\u00e5ste fyllas i. Namn * E-postadress * F\u00f6retag Meddelande * Markera i rutan! * Detta f\u00f6r att visa att du \u00e4r en vanlig m\u00e4nniska och inte n\u00e5gon spamrobot! Om du \u00e4r m\u00e4nsklig, l\u00e4mna det h\u00e4r f\u00e4ltet tomt. &#916; V\u00e5ra &hellip; <a href=\"https:\/\/www.ordonnansen.se\/?page_id=1258\" class=\"more-link\">Continue reading<span class=\"screen-reader-text\"> &#8220;Kontakta oss&#8221;<\/span><\/a><!-- AddThis Advanced Settings generic via filter on wp_trim_excerpt --><!-- AddThis Share Buttons generic via filter on wp_trim_excerpt --><\/p>\n","protected":false},"author":2,"featured_media":0,"parent":0,"menu_order":0,"comment_status":"closed","ping_status":"closed","template":"","meta":{"_acf_changed":false,"_crdt_document":"","footnotes":""},"class_list":["post-1258","page","type-page","status-publish","hentry"],"acf":[],"_links":{"self":[{"href":"https:\/\/www.ordonnansen.se\/index.php?rest_route=\/wp\/v2\/pages\/1258","targetHints":{"allow":["GET"]}}],"collection":[{"href":"https:\/\/www.ordonnansen.se\/index.php?rest_route=\/wp\/v2\/pages"}],"about":[{"href":"https:\/\/www.ordonnansen.se\/index.php?rest_route=\/wp\/v2\/types\/page"}],"author":[{"embeddable":true,"href":"https:\/\/www.ordonnansen.se\/index.php?rest_route=\/wp\/v2\/users\/2"}],"replies":[{"embeddable":true,"href":"https:\/\/www.ordonnansen.se\/index.php?rest_route=%2Fwp%2Fv2%2Fcomments&post=1258"}],"version-history":[{"count":15,"href":"https:\/\/www.ordonnansen.se\/index.php?rest_route=\/wp\/v2\/pages\/1258\/revisions"}],"predecessor-version":[{"id":1686,"href":"https:\/\/www.ordonnansen.se\/index.php?rest_route=\/wp\/v2\/pages\/1258\/revisions\/1686"}],"wp:attachment":[{"href":"https:\/\/www.ordonnansen.se\/index.php?rest_route=%2Fwp%2Fv2%2Fmedia&parent=1258"}],"curies":[{"name":"wp","href":"https:\/\/api.w.org\/{rel}","templated":true}]}}